{"id":2627,"date":"2021-02-25T11:23:46","date_gmt":"2021-02-25T11:23:46","guid":{"rendered":"https:\/\/www.semtation.de\/?page_id=2627"},"modified":"2021-02-25T14:42:54","modified_gmt":"2021-02-25T14:42:54","slug":"semtalk-im-qurator-forschungsprojekt","status":"publish","type":"page","link":"https:\/\/www.semtation.de\/en\/semtalk-im-qurator-forschungsprojekt","title":{"rendered":"SemTalk im Qurator-Forschungsprojekt"},"content":{"rendered":"\n<h3 class=\"wp-block-heading\">KI f\u00fcr die digitale Kommunikation der Zukunft<\/h3>\n\n\n\n<p>Der Datendschungel wuchert. Hinzu kommen immer neue smarte Ger\u00e4te und Rezeptionssituationen. Damit steigt nicht nur der Kommunikationsdruck. Auch der Wettbewerb um Aufmerksamkeit wird sich weiter versch\u00e4rfen. F\u00fcr die Digitalstrategie bedeutet dies: Wer gesehen und geh\u00f6rt werden will, muss vor allem eines bieten: \u00fcberzeugenden, hochwertigen Content. Mit QURATOR wollen wir Teil dieser L\u00f6sung werden und setzen auf die vielversprechendste Technologie unserer Zeit: K\u00fcnstliche Intelligenz.<\/p>\n\n\n\n<h3 class=\"wp-block-heading\">Erkl\u00e4rungsvideos zu Themen im Forschungsprojekt<\/h3>\n\n\n\n<figure class=\"wp-block-embed is-type-video is-provider-youtube wp-block-embed-youtube wp-embed-aspect-16-9 wp-has-aspect-ratio\"><div class=\"wp-block-embed__wrapper\">\n<div class='embed-container'><iframe loading=\"lazy\" title=\"Qurator Conference 2021 - Introduction\" width=\"1920\" height=\"1080\" src=\"https:\/\/www.youtube.com\/embed\/I1irrF0Ju84?feature=oembed\" frameborder=\"0\" allow=\"accelerometer; autoplay; clipboard-write; encrypted-media; gyroscope; picture-in-picture\" allowfullscreen><\/iframe><\/div>\n<\/div><figcaption>Einf\u00fchrungsvideo im Rahmen der Qurator &#8211; Konferenz 2021<\/figcaption><\/figure>\n\n\n\n<h3 class=\"wp-block-heading\">Prozess Informationen in Mixed Reality<\/h3>\n\n\n\n<figure class=\"wp-block-embed is-type-video is-provider-youtube wp-block-embed-youtube wp-embed-aspect-16-9 wp-has-aspect-ratio\"><div class=\"wp-block-embed__wrapper\">\n<div class='embed-container'><iframe loading=\"lazy\" title=\"Process Informations in Mixed Reality\" width=\"1920\" height=\"1080\" src=\"https:\/\/www.youtube.com\/embed\/zagNIY-UHI0?feature=oembed\" frameborder=\"0\" allow=\"accelerometer; autoplay; clipboard-write; encrypted-media; gyroscope; picture-in-picture\" allowfullscreen><\/iframe><\/div>\n<\/div><\/figure>\n\n\n\n<h3 class=\"wp-block-heading\">Navigation in Prozessmodellen durch Chatbots<\/h3>\n\n\n\n<figure class=\"wp-block-embed is-type-video is-provider-youtube wp-block-embed-youtube wp-embed-aspect-16-9 wp-has-aspect-ratio\"><div class=\"wp-block-embed__wrapper\">\n<div class='embed-container'><iframe loading=\"lazy\" title=\"Navigating Process Models via Chatbots\" width=\"1920\" height=\"1080\" src=\"https:\/\/www.youtube.com\/embed\/ii7Wvm4anSw?feature=oembed\" frameborder=\"0\" allow=\"accelerometer; autoplay; clipboard-write; encrypted-media; gyroscope; picture-in-picture\" allowfullscreen><\/iframe><\/div>\n<\/div><\/figure>\n\n\n\n<h3 class=\"wp-block-heading\">Wiki Integration in Prozessmodelle<\/h3>\n\n\n\n<figure class=\"wp-block-embed is-type-video is-provider-youtube wp-block-embed-youtube wp-embed-aspect-16-9 wp-has-aspect-ratio\"><div class=\"wp-block-embed__wrapper\">\n<div class='embed-container'><iframe loading=\"lazy\" title=\"Wiki Integration in Process Models\" width=\"1920\" height=\"1080\" src=\"https:\/\/www.youtube.com\/embed\/yoZ9vb6KkcM?feature=oembed\" frameborder=\"0\" allow=\"accelerometer; autoplay; clipboard-write; encrypted-media; gyroscope; picture-in-picture\" allowfullscreen><\/iframe><\/div>\n<\/div><\/figure>\n\n\n\n<p><a href=\"https:\/\/www.semtation.de\/semtalk-services-portal\" target=\"_blank\" rel=\"noreferrer noopener\">Link zum Demo-Portal -> Beispiel-Portal eines Wiki-Tutorials<\/a><\/p>\n\n\n\n<h3 class=\"wp-block-heading\">Schl\u00fcsselworterkennung f\u00fcr Prozessmodellierung<\/h3>\n\n\n\n<figure class=\"wp-block-embed is-type-video is-provider-youtube wp-block-embed-youtube wp-embed-aspect-16-9 wp-has-aspect-ratio\"><div class=\"wp-block-embed__wrapper\">\n<div class='embed-container'><iframe loading=\"lazy\" title=\"Key Phrases and Process Modeling\" width=\"1920\" height=\"1080\" src=\"https:\/\/www.youtube.com\/embed\/3c6qLqpLmQs?feature=oembed\" frameborder=\"0\" allow=\"accelerometer; autoplay; clipboard-write; encrypted-media; gyroscope; picture-in-picture\" allowfullscreen><\/iframe><\/div>\n<\/div><\/figure>\n\n\n\n<h3 class=\"wp-block-heading\">Prozessmodell &#8211; Portal zur Unterst\u00fctzung des Endbenutzers (Microsoft Graph und Microsoft Suche)<\/h3>\n\n\n\n<figure class=\"wp-block-embed is-type-video is-provider-youtube wp-block-embed-youtube wp-embed-aspect-16-9 wp-has-aspect-ratio\"><div class=\"wp-block-embed__wrapper\">\n<div class='embed-container'><iframe loading=\"lazy\" title=\"Process Models - Support for End Users\" width=\"1920\" height=\"1080\" src=\"https:\/\/www.youtube.com\/embed\/zwtS8NF6Knw?feature=oembed\" frameborder=\"0\" allow=\"accelerometer; autoplay; clipboard-write; encrypted-media; gyroscope; picture-in-picture\" allowfullscreen><\/iframe><\/div>\n<\/div><\/figure>\n","protected":false},"excerpt":{"rendered":"<p>KI f\u00fcr die digitale Kommunikation der Zukunft Der Datendschungel wuchert. Hinzu kommen immer neue smarte Ger\u00e4te und Rezeptionssituationen. Damit steigt nicht nur der Kommunikationsdruck. Auch der Wettbewerb um Aufmerksamkeit wird sich weiter versch\u00e4rfen. F\u00fcr die Digitalstrategie bedeutet dies: Wer gesehen und geh\u00f6rt werden will, muss vor allem eines bieten: \u00fcberzeugenden, hochwertigen Content. Mit QURATOR wollen&hellip; <br \/> <a class=\"read-more\" href=\"https:\/\/www.semtation.de\/en\/semtalk-im-qurator-forschungsprojekt\">Read more<\/a><\/p>\n","protected":false},"author":1,"featured_media":0,"parent":0,"menu_order":0,"comment_status":"closed","ping_status":"closed","template":"","meta":{"_acf_changed":false,"footnotes":""},"translation":{"provider":"WPGlobus","version":"2.12.2","language":"en","enabled_languages":["de","en"],"languages":{"de":{"title":true,"content":true,"excerpt":false},"en":{"title":false,"content":false,"excerpt":false}}},"acf":[],"_links":{"self":[{"href":"https:\/\/www.semtation.de\/en\/wp-json\/wp\/v2\/pages\/2627"}],"collection":[{"href":"https:\/\/www.semtation.de\/en\/wp-json\/wp\/v2\/pages"}],"about":[{"href":"https:\/\/www.semtation.de\/en\/wp-json\/wp\/v2\/types\/page"}],"author":[{"embeddable":true,"href":"https:\/\/www.semtation.de\/en\/wp-json\/wp\/v2\/users\/1"}],"replies":[{"embeddable":true,"href":"https:\/\/www.semtation.de\/en\/wp-json\/wp\/v2\/comments?post=2627"}],"version-history":[{"count":7,"href":"https:\/\/www.semtation.de\/en\/wp-json\/wp\/v2\/pages\/2627\/revisions"}],"predecessor-version":[{"id":2638,"href":"https:\/\/www.semtation.de\/en\/wp-json\/wp\/v2\/pages\/2627\/revisions\/2638"}],"wp:attachment":[{"href":"https:\/\/www.semtation.de\/en\/wp-json\/wp\/v2\/media?parent=2627"}],"curies":[{"name":"wp","href":"https:\/\/api.w.org\/{rel}","templated":true}]}}