{"id":2820,"date":"2023-10-27T13:30:00","date_gmt":"2023-10-27T13:30:00","guid":{"rendered":"https:\/\/www.semtation.de\/?page_id=2820"},"modified":"2023-10-27T13:50:11","modified_gmt":"2023-10-27T13:50:11","slug":"datenschutz-app","status":"publish","type":"page","link":"https:\/\/www.semtation.de\/en\/datenschutz-app","title":{"rendered":"Datenschutz App"},"content":{"rendered":"\n<p><strong>DSGVO umsetzen in der Microsoft Cloud mit scimendo|DSMS App f\u00fcr Microsoft Sharepoint 365<\/strong><\/p>\n<p>Haben Sie die Anforderungen und Prozesse rund um die aktuelle Datenschutzgesetzgebung im Griff?\u00a0<\/p>\n<p>Gemeinsam mit unserem Partner <a href=\"https:\/\/araneanet.de\/\" target=\"_blank\" rel=\"noopener\">araneaNET<\/a> GmbH haben wir in den letzten drei Jahren eine App f\u00fcr Microsoft SharePoint entwickelt, die die f\u00fcr die Umsetzung der DSGVO notwendigen Formulare, Listen und Dokumente in Microsoft SharePoint Online strukturiert bereitstellt. Zum Einsatz kommen dabei auch mit SemTalk erstellte Prozessmodelle, um Datenschutzprozess transparenter zu machen. Diese bilden gleichzeitig die Grundlage f\u00fcr die Gestaltung der App, so dass sichergestellt ist, dass die notwendigen Prozesse gesetzeskonform durchgef\u00fchrt werden k\u00f6nnen.<\/p>\n<p>Die App l\u00e4sst sich leicht in Microsoft SharePoint Online installieren und kann dann von Ihnen an Ihre Rahmenbedingungen angepasst werden. Bei Bedarf stellen die araneaNET und\/oder die Semtation Unterst\u00fctzung f\u00fcr die Einf\u00fchrung und Anpassung bereit.<\/p>\n<p>Eine ausf\u00fchrlichere Dokumentation zur App finden Sie auf der <a href=\"https:\/\/scimendo.araneanet.de\/dokumentation\/\" target=\"_blank\" rel=\"noopener\">Website zum DSMS<\/a> von der araneaNET.<\/p>\n<p><a href=\"https:\/\/araneanet.de\/\" target=\"_blank\" rel=\"noopener\">araneaNET<\/a>\u00a0beweist seit Jahren in vielen Projekten mit unterschiedlichsten Kunden ihre hohe Kompetenz im Kontext IT-Sicherheit und Datenschutz. F\u00fcr die dazu notwendigen Prozessdefinitionen nutzt die araneaNET SemTalk und die SemTalk Services. Dementsprechend arbeiten die Semtation und araneaNET zu den Themen Prozessmodellierung und Microsoft Office 365 bereits langj\u00e4hrig vertrauensvoll zusammen.\u00a0<\/p>\n<p>Erh\u00e4ltlich ist die App \u00fcber den <a href=\"https:\/\/scimendo.araneanet.de\/loesungen\/\" target=\"_blank\" rel=\"noopener\">Online Shop<\/a> von araneaNET oder im Microsoft App Store.<\/p>\n<p>Haben Sie Fragen?<br \/>Dann wenden Sie sich gerne \u00fcber das Kontaktformular an uns.<\/p>\n<div class=\"wpforms-container wpforms-container-full\" id=\"wpforms-2823\"><form id=\"wpforms-form-2823\" class=\"wpforms-validate wpforms-form\" data-formid=\"2823\" method=\"post\" enctype=\"multipart\/form-data\" action=\"\/en\/wp-json\/wp\/v2\/pages\/2820\" data-token=\"ec84f1239dda6a9536f837d6faa760fb\" data-token-time=\"1776336348\"><noscript class=\"wpforms-error-noscript\">Please enable JavaScript in your browser to complete this form.<\/noscript><div class=\"wpforms-field-container\"><div id=\"wpforms-2823-field_0-container\" class=\"wpforms-field wpforms-field-name\" data-field-id=\"0\"><label class=\"wpforms-field-label\" for=\"wpforms-2823-field_0\">Name <span class=\"wpforms-required-label\">*<\/span><\/label><div class=\"wpforms-field-row wpforms-field-medium\"><div class=\"wpforms-field-row-block wpforms-first wpforms-one-half\"><input type=\"text\" id=\"wpforms-2823-field_0\" class=\"wpforms-field-name-first wpforms-field-required\" name=\"wpforms[fields][0][first]\" required><label for=\"wpforms-2823-field_0\" class=\"wpforms-field-sublabel after\">First<\/label><\/div><div class=\"wpforms-field-row-block wpforms-one-half\"><input type=\"text\" id=\"wpforms-2823-field_0-last\" class=\"wpforms-field-name-last wpforms-field-required\" name=\"wpforms[fields][0][last]\" required><label for=\"wpforms-2823-field_0-last\" class=\"wpforms-field-sublabel after\">Last<\/label><\/div><\/div><\/div><div id=\"wpforms-2823-field_3-container\" class=\"wpforms-field wpforms-field-text\" data-field-id=\"3\"><label class=\"wpforms-field-label\" for=\"wpforms-2823-field_3\">Organisation\/Unternehmen <span class=\"wpforms-required-label\">*<\/span><\/label><input type=\"text\" id=\"wpforms-2823-field_3\" class=\"wpforms-field-medium wpforms-field-required\" name=\"wpforms[fields][3]\" required><\/div><div id=\"wpforms-2823-field_5-container\" class=\"wpforms-field wpforms-field-text\" data-field-id=\"5\"><label class=\"wpforms-field-label\" for=\"wpforms-2823-field_5\">Telefonnummer <span class=\"wpforms-required-label\">*<\/span><\/label><input type=\"text\" id=\"wpforms-2823-field_5\" class=\"wpforms-field-medium wpforms-field-required\" name=\"wpforms[fields][5]\" required><\/div><div id=\"wpforms-2823-field_1-container\" class=\"wpforms-field wpforms-field-email\" data-field-id=\"1\"><label class=\"wpforms-field-label\" for=\"wpforms-2823-field_1\">E-Mail <span class=\"wpforms-required-label\">*<\/span><\/label><input type=\"email\" id=\"wpforms-2823-field_1\" class=\"wpforms-field-medium wpforms-field-required\" name=\"wpforms[fields][1]\" spellcheck=\"false\" required><\/div><div id=\"wpforms-2823-field_2-container\" class=\"wpforms-field wpforms-field-textarea\" data-field-id=\"2\"><label class=\"wpforms-field-label\" for=\"wpforms-2823-field_2\">Kommentar oder Nachricht<\/label><textarea id=\"wpforms-2823-field_2\" class=\"wpforms-field-medium\" name=\"wpforms[fields][2]\" ><\/textarea><\/div><div id=\"wpforms-2823-field_6-container\" class=\"wpforms-field wpforms-field-checkbox\" data-field-id=\"6\"><label class=\"wpforms-field-label\" for=\"wpforms-2823-field_6\">Datenschutzerkl\u00e4rung <span class=\"wpforms-required-label\">*<\/span><\/label><ul id=\"wpforms-2823-field_6\" class=\"wpforms-field-required\"><li class=\"choice-1 depth-1\"><input type=\"checkbox\" id=\"wpforms-2823-field_6_1\" name=\"wpforms[fields][6][]\" value=\"Ich habe die Datenschutzbestimmungen gelesen und stimme der Verwendung und Verarbeitung meiner personenbezogenen Daten zu.\" required ><label class=\"wpforms-field-label-inline\" for=\"wpforms-2823-field_6_1\">Ich habe die Datenschutzbestimmungen gelesen und stimme der Verwendung und Verarbeitung meiner personenbezogenen Daten zu.<\/label><\/li><\/ul><\/div><\/div><!-- .wpforms-field-container --><div class=\"wpforms-field wpforms-field-hp\"><label for=\"wpforms-2823-field-hp\" class=\"wpforms-field-label\">Name<\/label><input type=\"text\" name=\"wpforms[hp]\" id=\"wpforms-2823-field-hp\" class=\"wpforms-field-medium\"><\/div><div class=\"wpforms-submit-container\" ><input type=\"hidden\" name=\"wpforms[id]\" value=\"2823\"><input type=\"hidden\" name=\"page_title\" value=\"\"><input type=\"hidden\" name=\"page_url\" value=\"https:\/\/www.semtation.de\/en\/wp-json\/wp\/v2\/pages\/2820\"><button type=\"submit\" name=\"wpforms[submit]\" id=\"wpforms-submit-2823\" class=\"wpforms-submit\" data-alt-text=\"Senden...\" data-submit-text=\"Absenden\" aria-live=\"assertive\" value=\"wpforms-submit\">Absenden<\/button><\/div><\/form><\/div>  <!-- .wpforms-container -->\n<p>\u00a0<\/p>\n","protected":false},"excerpt":{"rendered":"<p>DSGVO umsetzen in der Microsoft Cloud mit scimendo|DSMS App f\u00fcr Microsoft Sharepoint 365 Haben Sie die Anforderungen und Prozesse rund um die aktuelle Datenschutzgesetzgebung im Griff?\u00a0 Gemeinsam mit unserem Partner araneaNET GmbH haben wir in den letzten drei Jahren eine App f\u00fcr Microsoft SharePoint entwickelt, die die f\u00fcr die Umsetzung der DSGVO notwendigen Formulare, Listen&hellip; <br \/> <a class=\"read-more\" href=\"https:\/\/www.semtation.de\/en\/datenschutz-app\">Read more<\/a><\/p>\n","protected":false},"author":5,"featured_media":0,"parent":0,"menu_order":0,"comment_status":"closed","ping_status":"closed","template":"","meta":{"_acf_changed":false,"footnotes":""},"translation":{"provider":"WPGlobus","version":"2.12.2","language":"en","enabled_languages":["de","en"],"languages":{"de":{"title":true,"content":true,"excerpt":false},"en":{"title":false,"content":false,"excerpt":false}}},"acf":[],"_links":{"self":[{"href":"https:\/\/www.semtation.de\/en\/wp-json\/wp\/v2\/pages\/2820"}],"collection":[{"href":"https:\/\/www.semtation.de\/en\/wp-json\/wp\/v2\/pages"}],"about":[{"href":"https:\/\/www.semtation.de\/en\/wp-json\/wp\/v2\/types\/page"}],"author":[{"embeddable":true,"href":"https:\/\/www.semtation.de\/en\/wp-json\/wp\/v2\/users\/5"}],"replies":[{"embeddable":true,"href":"https:\/\/www.semtation.de\/en\/wp-json\/wp\/v2\/comments?post=2820"}],"version-history":[{"count":5,"href":"https:\/\/www.semtation.de\/en\/wp-json\/wp\/v2\/pages\/2820\/revisions"}],"predecessor-version":[{"id":2888,"href":"https:\/\/www.semtation.de\/en\/wp-json\/wp\/v2\/pages\/2820\/revisions\/2888"}],"wp:attachment":[{"href":"https:\/\/www.semtation.de\/en\/wp-json\/wp\/v2\/media?parent=2820"}],"curies":[{"name":"wp","href":"https:\/\/api.w.org\/{rel}","templated":true}]}}